{"id":46,"date":"2018-11-02T18:25:08","date_gmt":"2018-11-02T18:25:08","guid":{"rendered":"https:\/\/nailsdecor.pl\/?page_id=46"},"modified":"2023-09-25T14:20:58","modified_gmt":"2023-09-25T14:20:58","slug":"o-nas","status":"publish","type":"page","link":"https:\/\/nailsdecor.pl\/?page_id=46","title":{"rendered":"O nas"},"content":{"rendered":"\t\t<div data-elementor-type=\"wp-post\" data-elementor-id=\"46\" class=\"elementor elementor-46 elementor-bc-flex-widget\">\n\t\t\t\t\t\t<section class=\"elementor-section elementor-top-section elementor-element elementor-element-7dee86f elementor-section-boxed elementor-section-height-default elementor-section-height-default\" data-id=\"7dee86f\" data-element_type=\"section\">\n\t\t\t\t\t\t<div class=\"elementor-container elementor-column-gap-default\">\n\t\t\t\t\t<div class=\"elementor-column elementor-col-100 elementor-top-column elementor-element elementor-element-a715c6d\" data-id=\"a715c6d\" data-element_type=\"column\">\n\t\t\t<div class=\"elementor-widget-wrap elementor-element-populated\">\n\t\t\t\t\t\t<div class=\"elementor-element elementor-element-69ab4cc elementor-widget elementor-widget-text-editor\" data-id=\"69ab4cc\" data-element_type=\"widget\" data-widget_type=\"text-editor.default\">\n\t\t\t\t<div class=\"elementor-widget-container\">\n\t\t\t\t\t\t\t\t\t<p>Nails Decor powsta\u0142o z pasji do tworzenia i z zami\u0142owania do pi\u0119kna &#8211; pi\u0119kna d\u0142oni i st\u00f3p. Od ponad 23 lat dbamy o nasze klientki i klient\u00f3w, pracuj\u0105c wy\u0142\u0105cznie na produktach najlepszych dost\u0119pnych na rynku marek. Po\u015bwi\u0119camy wiele czasu, aby nad\u0105\u017cy\u0107 za zmieniaj\u0105cymi si\u0119 trendami, uczestniczymy w wielu kursach i szkoleniach. Chcemy, aby nasi klienci otrzymywali us\u0142ug\u0119 najwy\u017cszej jako\u015bci, dlatego te\u017c przywi\u0105zujemy ogromn\u0105 wag\u0119 do detali. Szczeg\u00f3lnie dbamy o higien\u0119, bo wiemy jak wa\u017cna jest w przypadku piel\u0119gnacji cia\u0142a. Do naszej pracy wykorzystujemy najnowszy sprz\u0119t i narz\u0119dzia, bierzemy te\u017c udzia\u0142 w targach bran\u017cowych, aby m\u00f3c zaskakiwa\u0107 naszych klient\u00f3w nowo\u015bciami.<\/p>\t\t\t\t\t\t\t\t<\/div>\n\t\t\t\t<\/div>\n\t\t\t\t\t<\/div>\n\t\t<\/div>\n\t\t\t\t\t<\/div>\n\t\t<\/section>\n\t\t\t\t<section class=\"elementor-section elementor-top-section elementor-element elementor-element-78784f8 elementor-section-boxed elementor-section-height-default elementor-section-height-default\" data-id=\"78784f8\" data-element_type=\"section\">\n\t\t\t\t\t\t<div class=\"elementor-container elementor-column-gap-default\">\n\t\t\t\t\t<div class=\"elementor-column elementor-col-50 elementor-top-column elementor-element elementor-element-63f162f\" data-id=\"63f162f\" data-element_type=\"column\">\n\t\t\t<div class=\"elementor-widget-wrap elementor-element-populated\">\n\t\t\t\t\t\t<div class=\"elementor-element elementor-element-edbdc3c elementor-widget elementor-widget-image\" data-id=\"edbdc3c\" data-element_type=\"widget\" data-widget_type=\"image.default\">\n\t\t\t\t<div class=\"elementor-widget-container\">\n\t\t\t\t\t\t\t\t\t\t\t\t\t\t\t<img fetchpriority=\"high\" decoding=\"async\" width=\"720\" height=\"720\" src=\"https:\/\/nailsdecor.pl\/wp-content\/uploads\/2018\/11\/FB_IMG_1541311528729.jpg\" class=\"attachment-large size-large wp-image-729\" alt=\"\" srcset=\"https:\/\/nailsdecor.pl\/wp-content\/uploads\/2018\/11\/FB_IMG_1541311528729.jpg 720w, https:\/\/nailsdecor.pl\/wp-content\/uploads\/2018\/11\/FB_IMG_1541311528729-150x150.jpg 150w, https:\/\/nailsdecor.pl\/wp-content\/uploads\/2018\/11\/FB_IMG_1541311528729-300x300.jpg 300w\" sizes=\"(max-width: 720px) 100vw, 720px\" \/>\t\t\t\t\t\t\t\t\t\t\t\t\t\t\t<\/div>\n\t\t\t\t<\/div>\n\t\t\t\t\t<\/div>\n\t\t<\/div>\n\t\t\t\t<div class=\"elementor-column elementor-col-50 elementor-top-column elementor-element elementor-element-60c6944\" data-id=\"60c6944\" data-element_type=\"column\">\n\t\t\t<div class=\"elementor-widget-wrap elementor-element-populated\">\n\t\t\t\t\t\t<div class=\"elementor-element elementor-element-ad8cd03 elementor-invisible elementor-widget elementor-widget-heading\" data-id=\"ad8cd03\" data-element_type=\"widget\" data-settings=\"{&quot;_animation&quot;:&quot;fadeInDown&quot;}\" data-widget_type=\"heading.default\">\n\t\t\t\t<div class=\"elementor-widget-container\">\n\t\t\t\t\t<h2 class=\"elementor-heading-title elementor-size-default\">Barbara Szulkowska\n<\/h2>\t\t\t\t<\/div>\n\t\t\t\t<\/div>\n\t\t\t\t<div class=\"elementor-element elementor-element-7999971 elementor-invisible elementor-widget elementor-widget-heading\" data-id=\"7999971\" data-element_type=\"widget\" data-settings=\"{&quot;_animation&quot;:&quot;fadeInUp&quot;}\" data-widget_type=\"heading.default\">\n\t\t\t\t<div class=\"elementor-widget-container\">\n\t\t\t\t\t<h4 class=\"elementor-heading-title elementor-size-default\">Instruktor, stylistka paznokci<\/h4>\t\t\t\t<\/div>\n\t\t\t\t<\/div>\n\t\t\t\t<div class=\"elementor-element elementor-element-b8c36c1 elementor-widget-divider--view-line elementor-invisible elementor-widget elementor-widget-divider\" data-id=\"b8c36c1\" data-element_type=\"widget\" data-settings=\"{&quot;_animation&quot;:&quot;fadeInLeft&quot;}\" data-widget_type=\"divider.default\">\n\t\t\t\t<div class=\"elementor-widget-container\">\n\t\t\t\t\t\t\t<div class=\"elementor-divider\">\n\t\t\t<span class=\"elementor-divider-separator\">\n\t\t\t\t\t\t<\/span>\n\t\t<\/div>\n\t\t\t\t\t\t<\/div>\n\t\t\t\t<\/div>\n\t\t\t\t<div class=\"elementor-element elementor-element-5c0da23 animated-slow elementor-invisible elementor-widget elementor-widget-text-editor\" data-id=\"5c0da23\" data-element_type=\"widget\" data-settings=\"{&quot;_animation&quot;:&quot;fadeIn&quot;}\" data-widget_type=\"text-editor.default\">\n\t\t\t\t<div class=\"elementor-widget-container\">\n\t\t\t\t\t\t\t\t\t<p>Za\u0142o\u017cycielka Nails Decor. Dyplomowana instruktorka La Femme Cosmetics, kt\u00f3ra doskonale potrafi przekaza\u0107 swoj\u0105 wiedz\u0119 i umiej\u0119tno\u015bci. Stylizacja paznokci dla niej to nie tylko praca ale tak\u017ce \u017cyciowa pasja. Perfekcyjne wykonanie stylizacji i zadowolenie Klient\u00f3w jest dla niej najwa\u017cniejsze.<\/p>\t\t\t\t\t\t\t\t<\/div>\n\t\t\t\t<\/div>\n\t\t\t\t\t<\/div>\n\t\t<\/div>\n\t\t\t\t\t<\/div>\n\t\t<\/section>\n\t\t\t\t<section class=\"elementor-section elementor-top-section elementor-element elementor-element-45937d5 elementor-section-boxed elementor-section-height-default elementor-section-height-default\" data-id=\"45937d5\" data-element_type=\"section\">\n\t\t\t\t\t\t<div class=\"elementor-container elementor-column-gap-default\">\n\t\t\t\t\t<div class=\"elementor-column elementor-col-100 elementor-top-column elementor-element elementor-element-35104ba\" data-id=\"35104ba\" data-element_type=\"column\">\n\t\t\t<div class=\"elementor-widget-wrap elementor-element-populated\">\n\t\t\t\t\t\t<div class=\"elementor-element elementor-element-1d3bda3 gallery-spacing-custom elementor-widget elementor-widget-image-gallery\" data-id=\"1d3bda3\" data-element_type=\"widget\" data-widget_type=\"image-gallery.default\">\n\t\t\t\t<div class=\"elementor-widget-container\">\n\t\t\t\t\t\t\t<div class=\"elementor-image-gallery\">\n\t\t\t<div id='gallery-1' class='gallery galleryid-46 gallery-columns-4 gallery-size-medium'><figure class='gallery-item'>\n\t\t\t<div class='gallery-icon portrait'>\n\t\t\t\t<a data-elementor-open-lightbox=\"yes\" data-elementor-lightbox-slideshow=\"1d3bda3\" data-elementor-lightbox-title=\"IMG_7686\" data-e-action-hash=\"#elementor-action%3Aaction%3Dlightbox%26settings%3DeyJpZCI6NzY4LCJ1cmwiOiJodHRwczpcL1wvbmFpbHNkZWNvci5wbFwvd3AtY29udGVudFwvdXBsb2Fkc1wvMjAxOFwvMTFcL0lNR183Njg2LmpwZyIsInNsaWRlc2hvdyI6IjFkM2JkYTMifQ%3D%3D\" href='https:\/\/nailsdecor.pl\/wp-content\/uploads\/2018\/11\/IMG_7686.jpg'><img decoding=\"async\" width=\"210\" height=\"300\" src=\"https:\/\/nailsdecor.pl\/wp-content\/uploads\/2018\/11\/IMG_7686-210x300.jpg\" class=\"attachment-medium size-medium\" alt=\"\" srcset=\"https:\/\/nailsdecor.pl\/wp-content\/uploads\/2018\/11\/IMG_7686-210x300.jpg 210w, https:\/\/nailsdecor.pl\/wp-content\/uploads\/2018\/11\/IMG_7686.jpg 671w\" sizes=\"(max-width: 210px) 100vw, 210px\" \/><\/a>\n\t\t\t<\/div><\/figure><figure class='gallery-item'>\n\t\t\t<div class='gallery-icon portrait'>\n\t\t\t\t<a data-elementor-open-lightbox=\"yes\" data-elementor-lightbox-slideshow=\"1d3bda3\" data-elementor-lightbox-title=\"IMG_7689\" data-e-action-hash=\"#elementor-action%3Aaction%3Dlightbox%26settings%3DeyJpZCI6NzY5LCJ1cmwiOiJodHRwczpcL1wvbmFpbHNkZWNvci5wbFwvd3AtY29udGVudFwvdXBsb2Fkc1wvMjAxOFwvMTFcL0lNR183Njg5LmpwZyIsInNsaWRlc2hvdyI6IjFkM2JkYTMifQ%3D%3D\" href='https:\/\/nailsdecor.pl\/wp-content\/uploads\/2018\/11\/IMG_7689.jpg'><img decoding=\"async\" width=\"207\" height=\"300\" src=\"https:\/\/nailsdecor.pl\/wp-content\/uploads\/2018\/11\/IMG_7689-207x300.jpg\" class=\"attachment-medium size-medium\" alt=\"\" srcset=\"https:\/\/nailsdecor.pl\/wp-content\/uploads\/2018\/11\/IMG_7689-207x300.jpg 207w, https:\/\/nailsdecor.pl\/wp-content\/uploads\/2018\/11\/IMG_7689.jpg 663w\" sizes=\"(max-width: 207px) 100vw, 207px\" \/><\/a>\n\t\t\t<\/div><\/figure><figure class='gallery-item'>\n\t\t\t<div class='gallery-icon portrait'>\n\t\t\t\t<a data-elementor-open-lightbox=\"yes\" data-elementor-lightbox-slideshow=\"1d3bda3\" data-elementor-lightbox-title=\"IMG_7699\" data-e-action-hash=\"#elementor-action%3Aaction%3Dlightbox%26settings%3DeyJpZCI6Nzc0LCJ1cmwiOiJodHRwczpcL1wvbmFpbHNkZWNvci5wbFwvd3AtY29udGVudFwvdXBsb2Fkc1wvMjAxOFwvMTFcL0lNR183Njk5LmpwZyIsInNsaWRlc2hvdyI6IjFkM2JkYTMifQ%3D%3D\" href='https:\/\/nailsdecor.pl\/wp-content\/uploads\/2018\/11\/IMG_7699.jpg'><img loading=\"lazy\" decoding=\"async\" width=\"209\" height=\"300\" src=\"https:\/\/nailsdecor.pl\/wp-content\/uploads\/2018\/11\/IMG_7699-209x300.jpg\" class=\"attachment-medium size-medium\" alt=\"\" srcset=\"https:\/\/nailsdecor.pl\/wp-content\/uploads\/2018\/11\/IMG_7699-209x300.jpg 209w, https:\/\/nailsdecor.pl\/wp-content\/uploads\/2018\/11\/IMG_7699.jpg 668w\" sizes=\"(max-width: 209px) 100vw, 209px\" \/><\/a>\n\t\t\t<\/div><\/figure><figure class='gallery-item'>\n\t\t\t<div class='gallery-icon portrait'>\n\t\t\t\t<a data-elementor-open-lightbox=\"yes\" data-elementor-lightbox-slideshow=\"1d3bda3\" data-elementor-lightbox-title=\"IMG_7692\" data-e-action-hash=\"#elementor-action%3Aaction%3Dlightbox%26settings%3DeyJpZCI6NzcwLCJ1cmwiOiJodHRwczpcL1wvbmFpbHNkZWNvci5wbFwvd3AtY29udGVudFwvdXBsb2Fkc1wvMjAxOFwvMTFcL0lNR183NjkyLmpwZyIsInNsaWRlc2hvdyI6IjFkM2JkYTMifQ%3D%3D\" href='https:\/\/nailsdecor.pl\/wp-content\/uploads\/2018\/11\/IMG_7692.jpg'><img loading=\"lazy\" decoding=\"async\" width=\"207\" height=\"300\" src=\"https:\/\/nailsdecor.pl\/wp-content\/uploads\/2018\/11\/IMG_7692-207x300.jpg\" class=\"attachment-medium size-medium\" alt=\"\" srcset=\"https:\/\/nailsdecor.pl\/wp-content\/uploads\/2018\/11\/IMG_7692-207x300.jpg 207w, https:\/\/nailsdecor.pl\/wp-content\/uploads\/2018\/11\/IMG_7692.jpg 663w\" sizes=\"(max-width: 207px) 100vw, 207px\" \/><\/a>\n\t\t\t<\/div><\/figure><figure class='gallery-item'>\n\t\t\t<div class='gallery-icon portrait'>\n\t\t\t\t<a data-elementor-open-lightbox=\"yes\" data-elementor-lightbox-slideshow=\"1d3bda3\" data-elementor-lightbox-title=\"IMG_7693\" data-e-action-hash=\"#elementor-action%3Aaction%3Dlightbox%26settings%3DeyJpZCI6NzcxLCJ1cmwiOiJodHRwczpcL1wvbmFpbHNkZWNvci5wbFwvd3AtY29udGVudFwvdXBsb2Fkc1wvMjAxOFwvMTFcL0lNR183NjkzLmpwZyIsInNsaWRlc2hvdyI6IjFkM2JkYTMifQ%3D%3D\" href='https:\/\/nailsdecor.pl\/wp-content\/uploads\/2018\/11\/IMG_7693.jpg'><img loading=\"lazy\" decoding=\"async\" width=\"210\" height=\"300\" src=\"https:\/\/nailsdecor.pl\/wp-content\/uploads\/2018\/11\/IMG_7693-210x300.jpg\" class=\"attachment-medium size-medium\" alt=\"\" srcset=\"https:\/\/nailsdecor.pl\/wp-content\/uploads\/2018\/11\/IMG_7693-210x300.jpg 210w, https:\/\/nailsdecor.pl\/wp-content\/uploads\/2018\/11\/IMG_7693.jpg 671w\" sizes=\"(max-width: 210px) 100vw, 210px\" \/><\/a>\n\t\t\t<\/div><\/figure><figure class='gallery-item'>\n\t\t\t<div class='gallery-icon portrait'>\n\t\t\t\t<a data-elementor-open-lightbox=\"yes\" data-elementor-lightbox-slideshow=\"1d3bda3\" data-elementor-lightbox-title=\"IMG_7696\" data-e-action-hash=\"#elementor-action%3Aaction%3Dlightbox%26settings%3DeyJpZCI6NzcyLCJ1cmwiOiJodHRwczpcL1wvbmFpbHNkZWNvci5wbFwvd3AtY29udGVudFwvdXBsb2Fkc1wvMjAxOFwvMTFcL0lNR183Njk2LmpwZyIsInNsaWRlc2hvdyI6IjFkM2JkYTMifQ%3D%3D\" href='https:\/\/nailsdecor.pl\/wp-content\/uploads\/2018\/11\/IMG_7696.jpg'><img loading=\"lazy\" decoding=\"async\" width=\"203\" height=\"300\" src=\"https:\/\/nailsdecor.pl\/wp-content\/uploads\/2018\/11\/IMG_7696-203x300.jpg\" class=\"attachment-medium size-medium\" alt=\"\" srcset=\"https:\/\/nailsdecor.pl\/wp-content\/uploads\/2018\/11\/IMG_7696-203x300.jpg 203w, https:\/\/nailsdecor.pl\/wp-content\/uploads\/2018\/11\/IMG_7696.jpg 651w\" sizes=\"(max-width: 203px) 100vw, 203px\" \/><\/a>\n\t\t\t<\/div><\/figure><figure class='gallery-item'>\n\t\t\t<div class='gallery-icon portrait'>\n\t\t\t\t<a data-elementor-open-lightbox=\"yes\" data-elementor-lightbox-slideshow=\"1d3bda3\" data-elementor-lightbox-title=\"IMG_7698\" data-e-action-hash=\"#elementor-action%3Aaction%3Dlightbox%26settings%3DeyJpZCI6NzczLCJ1cmwiOiJodHRwczpcL1wvbmFpbHNkZWNvci5wbFwvd3AtY29udGVudFwvdXBsb2Fkc1wvMjAxOFwvMTFcL0lNR183Njk4LmpwZyIsInNsaWRlc2hvdyI6IjFkM2JkYTMifQ%3D%3D\" href='https:\/\/nailsdecor.pl\/wp-content\/uploads\/2018\/11\/IMG_7698.jpg'><img loading=\"lazy\" decoding=\"async\" width=\"207\" height=\"300\" src=\"https:\/\/nailsdecor.pl\/wp-content\/uploads\/2018\/11\/IMG_7698-207x300.jpg\" class=\"attachment-medium size-medium\" alt=\"\" srcset=\"https:\/\/nailsdecor.pl\/wp-content\/uploads\/2018\/11\/IMG_7698-207x300.jpg 207w, https:\/\/nailsdecor.pl\/wp-content\/uploads\/2018\/11\/IMG_7698.jpg 663w\" sizes=\"(max-width: 207px) 100vw, 207px\" \/><\/a>\n\t\t\t<\/div><\/figure><figure class='gallery-item'>\n\t\t\t<div class='gallery-icon portrait'>\n\t\t\t\t<a data-elementor-open-lightbox=\"yes\" data-elementor-lightbox-slideshow=\"1d3bda3\" data-elementor-lightbox-title=\"IMG_7701\" data-e-action-hash=\"#elementor-action%3Aaction%3Dlightbox%26settings%3DeyJpZCI6Nzc1LCJ1cmwiOiJodHRwczpcL1wvbmFpbHNkZWNvci5wbFwvd3AtY29udGVudFwvdXBsb2Fkc1wvMjAxOFwvMTFcL0lNR183NzAxLmpwZyIsInNsaWRlc2hvdyI6IjFkM2JkYTMifQ%3D%3D\" href='https:\/\/nailsdecor.pl\/wp-content\/uploads\/2018\/11\/IMG_7701.jpg'><img loading=\"lazy\" decoding=\"async\" width=\"211\" height=\"300\" src=\"https:\/\/nailsdecor.pl\/wp-content\/uploads\/2018\/11\/IMG_7701-211x300.jpg\" class=\"attachment-medium size-medium\" alt=\"\" srcset=\"https:\/\/nailsdecor.pl\/wp-content\/uploads\/2018\/11\/IMG_7701-211x300.jpg 211w, https:\/\/nailsdecor.pl\/wp-content\/uploads\/2018\/11\/IMG_7701.jpg 675w\" sizes=\"(max-width: 211px) 100vw, 211px\" \/><\/a>\n\t\t\t<\/div><\/figure><figure class='gallery-item'>\n\t\t\t<div class='gallery-icon portrait'>\n\t\t\t\t<a data-elementor-open-lightbox=\"yes\" data-elementor-lightbox-slideshow=\"1d3bda3\" data-elementor-lightbox-title=\"IMG_7706\" data-e-action-hash=\"#elementor-action%3Aaction%3Dlightbox%26settings%3DeyJpZCI6Nzc2LCJ1cmwiOiJodHRwczpcL1wvbmFpbHNkZWNvci5wbFwvd3AtY29udGVudFwvdXBsb2Fkc1wvMjAxOFwvMTFcL0lNR183NzA2LmpwZyIsInNsaWRlc2hvdyI6IjFkM2JkYTMifQ%3D%3D\" href='https:\/\/nailsdecor.pl\/wp-content\/uploads\/2018\/11\/IMG_7706.jpg'><img loading=\"lazy\" decoding=\"async\" width=\"218\" height=\"300\" src=\"https:\/\/nailsdecor.pl\/wp-content\/uploads\/2018\/11\/IMG_7706-218x300.jpg\" class=\"attachment-medium size-medium\" alt=\"\" srcset=\"https:\/\/nailsdecor.pl\/wp-content\/uploads\/2018\/11\/IMG_7706-218x300.jpg 218w, https:\/\/nailsdecor.pl\/wp-content\/uploads\/2018\/11\/IMG_7706.jpg 696w\" sizes=\"(max-width: 218px) 100vw, 218px\" \/><\/a>\n\t\t\t<\/div><\/figure><figure class='gallery-item'>\n\t\t\t<div class='gallery-icon portrait'>\n\t\t\t\t<a data-elementor-open-lightbox=\"yes\" data-elementor-lightbox-slideshow=\"1d3bda3\" data-elementor-lightbox-title=\"IMG_7708\" data-e-action-hash=\"#elementor-action%3Aaction%3Dlightbox%26settings%3DeyJpZCI6Nzc3LCJ1cmwiOiJodHRwczpcL1wvbmFpbHNkZWNvci5wbFwvd3AtY29udGVudFwvdXBsb2Fkc1wvMjAxOFwvMTFcL0lNR183NzA4LmpwZyIsInNsaWRlc2hvdyI6IjFkM2JkYTMifQ%3D%3D\" href='https:\/\/nailsdecor.pl\/wp-content\/uploads\/2018\/11\/IMG_7708.jpg'><img loading=\"lazy\" decoding=\"async\" width=\"212\" height=\"300\" src=\"https:\/\/nailsdecor.pl\/wp-content\/uploads\/2018\/11\/IMG_7708-212x300.jpg\" class=\"attachment-medium size-medium\" alt=\"\" srcset=\"https:\/\/nailsdecor.pl\/wp-content\/uploads\/2018\/11\/IMG_7708-212x300.jpg 212w, https:\/\/nailsdecor.pl\/wp-content\/uploads\/2018\/11\/IMG_7708.jpg 679w\" sizes=\"(max-width: 212px) 100vw, 212px\" \/><\/a>\n\t\t\t<\/div><\/figure><figure class='gallery-item'>\n\t\t\t<div class='gallery-icon landscape'>\n\t\t\t\t<a data-elementor-open-lightbox=\"yes\" data-elementor-lightbox-slideshow=\"1d3bda3\" data-elementor-lightbox-title=\"IMG_7709\" data-e-action-hash=\"#elementor-action%3Aaction%3Dlightbox%26settings%3DeyJpZCI6Nzc4LCJ1cmwiOiJodHRwczpcL1wvbmFpbHNkZWNvci5wbFwvd3AtY29udGVudFwvdXBsb2Fkc1wvMjAxOFwvMTFcL0lNR183NzA5LmpwZyIsInNsaWRlc2hvdyI6IjFkM2JkYTMifQ%3D%3D\" href='https:\/\/nailsdecor.pl\/wp-content\/uploads\/2018\/11\/IMG_7709.jpg'><img loading=\"lazy\" decoding=\"async\" width=\"300\" height=\"209\" src=\"https:\/\/nailsdecor.pl\/wp-content\/uploads\/2018\/11\/IMG_7709-300x209.jpg\" class=\"attachment-medium size-medium\" alt=\"\" srcset=\"https:\/\/nailsdecor.pl\/wp-content\/uploads\/2018\/11\/IMG_7709-300x209.jpg 300w, https:\/\/nailsdecor.pl\/wp-content\/uploads\/2018\/11\/IMG_7709-768x534.jpg 768w, https:\/\/nailsdecor.pl\/wp-content\/uploads\/2018\/11\/IMG_7709.jpg 960w\" sizes=\"(max-width: 300px) 100vw, 300px\" \/><\/a>\n\t\t\t<\/div><\/figure><figure class='gallery-item'>\n\t\t\t<div class='gallery-icon landscape'>\n\t\t\t\t<a data-elementor-open-lightbox=\"yes\" data-elementor-lightbox-slideshow=\"1d3bda3\" data-elementor-lightbox-title=\"IMG_7710\" data-e-action-hash=\"#elementor-action%3Aaction%3Dlightbox%26settings%3DeyJpZCI6Nzc5LCJ1cmwiOiJodHRwczpcL1wvbmFpbHNkZWNvci5wbFwvd3AtY29udGVudFwvdXBsb2Fkc1wvMjAxOFwvMTFcL0lNR183NzEwLmpwZyIsInNsaWRlc2hvdyI6IjFkM2JkYTMifQ%3D%3D\" href='https:\/\/nailsdecor.pl\/wp-content\/uploads\/2018\/11\/IMG_7710.jpg'><img loading=\"lazy\" decoding=\"async\" width=\"300\" height=\"208\" src=\"https:\/\/nailsdecor.pl\/wp-content\/uploads\/2018\/11\/IMG_7710-300x208.jpg\" class=\"attachment-medium size-medium\" alt=\"\" srcset=\"https:\/\/nailsdecor.pl\/wp-content\/uploads\/2018\/11\/IMG_7710-300x208.jpg 300w, https:\/\/nailsdecor.pl\/wp-content\/uploads\/2018\/11\/IMG_7710-768x531.jpg 768w, https:\/\/nailsdecor.pl\/wp-content\/uploads\/2018\/11\/IMG_7710.jpg 960w\" sizes=\"(max-width: 300px) 100vw, 300px\" \/><\/a>\n\t\t\t<\/div><\/figure>\n\t\t<\/div>\n\t\t<\/div>\n\t\t\t\t\t\t<\/div>\n\t\t\t\t<\/div>\n\t\t\t\t\t<\/div>\n\t\t<\/div>\n\t\t\t\t\t<\/div>\n\t\t<\/section>\n\t\t\t\t<\/div>\n\t\t","protected":false},"excerpt":{"rendered":"<p>Nails Decor powsta\u0142o z pasji do tworzenia i z zami\u0142owania do pi\u0119kna &#8211; pi\u0119kna d\u0142oni i st\u00f3p. Od ponad 23 lat dbamy o nasze klientki i klient\u00f3w, pracuj\u0105c wy\u0142\u0105cznie na produktach najlepszych dost\u0119pnych na rynku marek. Po\u015bwi\u0119camy wiele czasu, aby nad\u0105\u017cy\u0107 za zmieniaj\u0105cymi si\u0119 trendami, uczestniczymy w wielu kursach i szkoleniach. Chcemy, aby nasi klienci [&hellip;]<\/p>\n","protected":false},"author":1,"featured_media":0,"parent":0,"menu_order":0,"comment_status":"closed","ping_status":"closed","template":"","meta":{"ocean_post_layout":"","ocean_both_sidebars_style":"","ocean_both_sidebars_content_width":0,"ocean_both_sidebars_sidebars_width":0,"ocean_sidebar":"0","ocean_second_sidebar":"0","ocean_disable_margins":"enable","ocean_add_body_class":"","ocean_shortcode_before_top_bar":"","ocean_shortcode_after_top_bar":"","ocean_shortcode_before_header":"","ocean_shortcode_after_header":"","ocean_has_shortcode":"","ocean_shortcode_after_title":"","ocean_shortcode_before_footer_widgets":"","ocean_shortcode_after_footer_widgets":"","ocean_shortcode_before_footer_bottom":"","ocean_shortcode_after_footer_bottom":"","ocean_display_top_bar":"default","ocean_display_header":"default","ocean_header_style":"","ocean_center_header_left_menu":"0","ocean_custom_header_template":"0","ocean_custom_logo":0,"ocean_custom_retina_logo":0,"ocean_custom_logo_max_width":0,"ocean_custom_logo_tablet_max_width":0,"ocean_custom_logo_mobile_max_width":0,"ocean_custom_logo_max_height":0,"ocean_custom_logo_tablet_max_height":0,"ocean_custom_logo_mobile_max_height":0,"ocean_header_custom_menu":"0","ocean_menu_typo_font_family":"0","ocean_menu_typo_font_subset":"","ocean_menu_typo_font_size":0,"ocean_menu_typo_font_size_tablet":0,"ocean_menu_typo_font_size_mobile":0,"ocean_menu_typo_font_size_unit":"px","ocean_menu_typo_font_weight":"","ocean_menu_typo_font_weight_tablet":"","ocean_menu_typo_font_weight_mobile":"","ocean_menu_typo_transform":"","ocean_menu_typo_transform_tablet":"","ocean_menu_typo_transform_mobile":"","ocean_menu_typo_line_height":0,"ocean_menu_typo_line_height_tablet":0,"ocean_menu_typo_line_height_mobile":0,"ocean_menu_typo_line_height_unit":"","ocean_menu_typo_spacing":0,"ocean_menu_typo_spacing_tablet":0,"ocean_menu_typo_spacing_mobile":0,"ocean_menu_typo_spacing_unit":"","ocean_menu_link_color":"","ocean_menu_link_color_hover":"","ocean_menu_link_color_active":"","ocean_menu_link_background":"","ocean_menu_link_hover_background":"","ocean_menu_link_active_background":"","ocean_menu_social_links_bg":"","ocean_menu_social_hover_links_bg":"","ocean_menu_social_links_color":"","ocean_menu_social_hover_links_color":"","ocean_disable_title":"on","ocean_disable_heading":"default","ocean_post_title":"","ocean_post_subheading":"","ocean_post_title_style":"","ocean_post_title_background_color":"","ocean_post_title_background":0,"ocean_post_title_bg_image_position":"","ocean_post_title_bg_image_attachment":"","ocean_post_title_bg_image_repeat":"","ocean_post_title_bg_image_size":"","ocean_post_title_height":0,"ocean_post_title_bg_overlay":0.5,"ocean_post_title_bg_overlay_color":"","ocean_disable_breadcrumbs":"default","ocean_breadcrumbs_color":"","ocean_breadcrumbs_separator_color":"","ocean_breadcrumbs_links_color":"","ocean_breadcrumbs_links_hover_color":"","ocean_display_footer_widgets":"default","ocean_display_footer_bottom":"default","ocean_custom_footer_template":"0","footnotes":""},"class_list":["post-46","page","type-page","status-publish","hentry","entry"],"_links":{"self":[{"href":"https:\/\/nailsdecor.pl\/index.php?rest_route=\/wp\/v2\/pages\/46","targetHints":{"allow":["GET"]}}],"collection":[{"href":"https:\/\/nailsdecor.pl\/index.php?rest_route=\/wp\/v2\/pages"}],"about":[{"href":"https:\/\/nailsdecor.pl\/index.php?rest_route=\/wp\/v2\/types\/page"}],"author":[{"embeddable":true,"href":"https:\/\/nailsdecor.pl\/index.php?rest_route=\/wp\/v2\/users\/1"}],"replies":[{"embeddable":true,"href":"https:\/\/nailsdecor.pl\/index.php?rest_route=%2Fwp%2Fv2%2Fcomments&post=46"}],"version-history":[{"count":16,"href":"https:\/\/nailsdecor.pl\/index.php?rest_route=\/wp\/v2\/pages\/46\/revisions"}],"predecessor-version":[{"id":810,"href":"https:\/\/nailsdecor.pl\/index.php?rest_route=\/wp\/v2\/pages\/46\/revisions\/810"}],"wp:attachment":[{"href":"https:\/\/nailsdecor.pl\/index.php?rest_route=%2Fwp%2Fv2%2Fmedia&parent=46"}],"curies":[{"name":"wp","href":"https:\/\/api.w.org\/{rel}","templated":true}]}}